{"id":4,"date":"2016-12-19T15:01:26","date_gmt":"2016-12-19T14:01:26","guid":{"rendered":"https:\/\/tfmpneus.fr\/english\/?page_id=4"},"modified":"2018-12-05T11:08:16","modified_gmt":"2018-12-05T10:08:16","slug":"collection-of-used-tyres","status":"publish","type":"page","link":"https:\/\/tfmpneus.fr\/english\/collection-of-used-tyres\/","title":{"rendered":"Collection of used tyres"},"content":{"rendered":"<div class=\"one_half \"><img loading=\"lazy\" decoding=\"async\" class=\"alignnone size-full wp-image-93\" src=\"https:\/\/tfmpneus.fr\/wp-content\/uploads\/2016\/10\/collecte-transport-pneus-third.jpg\" alt=\"Collection of used tyres\" width=\"500\" height=\"500\" \/><\/div>\n<div class=\"one_half last\">\n<h4><span class=\"dropcap1\">E<\/span>ach week,\u00a0<em>TFM Pneus<\/em>\u00a0handles the collection\u00a0of used tyres in a dozen French\u00a0departments.<\/h4>\n<h6>Types of collection<\/h6>\n<p>This collection is made\u00a0manually in a 3.5-ton van, or mechanically using one of our boom trucks. We offer a rental service in which we make dedicated bins available to you\u00a0on your own premises.<\/p>\n<h6>Vehicles<\/h6>\n<p>The\u00a0<em>TFM Pneus\u00a0<\/em>fleet consists of more than ten semi-trailer trucks and vans. In addition, our fleet includes more than 400 bins, all fully dedicated to the collection of used tyres.<br \/>\n<\/div><div class=\"fix\"><\/div>\n<p>&nbsp;<\/p>\n<div class=\"one_half \">\n<h6>Collection\u00a0zones<\/h6>\n<p><em>TFM Pneus<\/em>\u00a0operates in the southeastern quarter of France and has prefecture-level approval to collect used tyres in the Franche-Comt\u00e9, Provence-Alpes-C\u00f4te-d&rsquo;Azur and Rh\u00f4ne-Alpes regions.<\/p>\n<p>In addition, we have entered into two collection contracts.<br \/>\nWith Aliapur:<br \/>\n&#8211; in Southeastern France in departments 04,\u00a005,\u00a006 and\u00a083<br \/>\n&#8211; in Central France in departments 01, 25 and 39<\/p>\n<p>As well as with Norauto:<br \/>\n&#8211; in Southeastern France in departments 04,\u00a005,\u00a006 and\u00a083<br \/>\n&#8211; in Central France\u00a0in departments 01,\u00a025,\u00a026,\u00a038,\u00a039,\u00a042,\u00a069,\u00a073 and\u00a074<br \/>\n<\/div>\n<div class=\"one_half last\"><img loading=\"lazy\" decoding=\"async\" class=\"aligncenter wp-image-112 size-medium\" title=\"Map of France showing used tyre collection\" src=\"https:\/\/tfmpneus.fr\/wp-content\/uploads\/2016\/10\/carte-de-france-tfm-pneus-300x295.png\" alt=\"Map of France showing our used tyre collection zones\" width=\"300\" height=\"295\" \/><\/div><div class=\"fix\"><\/div>\n<p><img loading=\"lazy\" decoding=\"async\" class=\"aligncenter wp-image-136 size-large\" src=\"https:\/\/tfmpneus.fr\/wp-content\/uploads\/2016\/10\/collecte-pneus-usages-bennes-1024x343.jpg\" alt=\"Used tyre collection bins\" width=\"920\" height=\"308\" \/><\/p>\n<p>In this way, all tyres collected in France are then sent to our two sorting and recovery centres.<\/p>\n<p style=\"text-align: center;\"><a class=\"button medium grey\" href=\"https:\/\/tfmpneus.fr\/english\/recovery-of-used-tyres-sorting-and-checking\/\" target=\"\"><span><\/span>Sorting &amp; Checking<\/a>\n","protected":false},"excerpt":{"rendered":"<p>&nbsp; In this way, all tyres collected in France are then sent to our two sorting and recovery centres.<\/p>\n","protected":false},"author":1,"featured_media":0,"parent":0,"menu_order":0,"comment_status":"closed","ping_status":"closed","template":"","meta":{"footnotes":""},"class_list":["post-4","page","type-page","status-publish","hentry"],"yoast_head":"<!-- This site is optimized with the Yoast SEO plugin v26.9 - https:\/\/yoast.com\/product\/yoast-seo-wordpress\/ -->\n<title>Collection of used tyres, onsite, with TFM Pneus lorries<\/title>\n<meta name=\"description\" content=\"The collection of used tyres is done directly by TFM Pneus, with vans or lorries equipped with tippers dedicated to tyres.\" \/>\n<meta name=\"robots\" content=\"index, follow, max-snippet:-1, max-image-preview:large, max-video-preview:-1\" \/>\n<link rel=\"canonical\" href=\"https:\/\/tfmpneus.fr\/english\/collection-of-used-tyres\/\" \/>\n<meta property=\"og:locale\" content=\"fr_FR\" \/>\n<meta property=\"og:type\" content=\"article\" \/>\n<meta property=\"og:title\" content=\"Collection of used tyres, onsite, with TFM Pneus lorries\" \/>\n<meta property=\"og:description\" content=\"The collection of used tyres is done directly by TFM Pneus, with vans or lorries equipped with tippers dedicated to tyres.\" \/>\n<meta property=\"og:url\" content=\"https:\/\/tfmpneus.fr\/english\/collection-of-used-tyres\/\" \/>\n<meta property=\"og:site_name\" content=\"TFM Pneus - Web site\" \/>\n<meta property=\"article:modified_time\" content=\"2018-12-05T10:08:16+00:00\" \/>\n<meta property=\"og:image\" content=\"https:\/\/tfmpneus.fr\/wp-content\/uploads\/2016\/10\/collecte-transport-pneus-third.jpg\" \/>\n<meta name=\"twitter:card\" content=\"summary_large_image\" \/>\n<meta name=\"twitter:label1\" content=\"Dur\u00e9e de lecture estim\u00e9e\" \/>\n\t<meta name=\"twitter:data1\" content=\"1 minute\" \/>\n<script type=\"application\/ld+json\" class=\"yoast-schema-graph\">{\"@context\":\"https:\/\/schema.org\",\"@graph\":[{\"@type\":\"WebPage\",\"@id\":\"https:\/\/tfmpneus.fr\/english\/collection-of-used-tyres\/\",\"url\":\"https:\/\/tfmpneus.fr\/english\/collection-of-used-tyres\/\",\"name\":\"Collection of used tyres, onsite, with TFM Pneus lorries\",\"isPartOf\":{\"@id\":\"https:\/\/tfmpneus.fr\/english\/#website\"},\"primaryImageOfPage\":{\"@id\":\"https:\/\/tfmpneus.fr\/english\/collection-of-used-tyres\/#primaryimage\"},\"image\":{\"@id\":\"https:\/\/tfmpneus.fr\/english\/collection-of-used-tyres\/#primaryimage\"},\"thumbnailUrl\":\"https:\/\/tfmpneus.fr\/wp-content\/uploads\/2016\/10\/collecte-transport-pneus-third.jpg\",\"datePublished\":\"2016-12-19T14:01:26+00:00\",\"dateModified\":\"2018-12-05T10:08:16+00:00\",\"description\":\"The collection of used tyres is done directly by TFM Pneus, with vans or lorries equipped with tippers dedicated to tyres.\",\"breadcrumb\":{\"@id\":\"https:\/\/tfmpneus.fr\/english\/collection-of-used-tyres\/#breadcrumb\"},\"inLanguage\":\"fr-FR\",\"potentialAction\":[{\"@type\":\"ReadAction\",\"target\":[\"https:\/\/tfmpneus.fr\/english\/collection-of-used-tyres\/\"]}]},{\"@type\":\"ImageObject\",\"inLanguage\":\"fr-FR\",\"@id\":\"https:\/\/tfmpneus.fr\/english\/collection-of-used-tyres\/#primaryimage\",\"url\":\"https:\/\/tfmpneus.fr\/wp-content\/uploads\/2016\/10\/collecte-transport-pneus-third.jpg\",\"contentUrl\":\"https:\/\/tfmpneus.fr\/wp-content\/uploads\/2016\/10\/collecte-transport-pneus-third.jpg\"},{\"@type\":\"BreadcrumbList\",\"@id\":\"https:\/\/tfmpneus.fr\/english\/collection-of-used-tyres\/#breadcrumb\",\"itemListElement\":[{\"@type\":\"ListItem\",\"position\":1,\"name\":\"Accueil\",\"item\":\"https:\/\/tfmpneus.fr\/english\/\"},{\"@type\":\"ListItem\",\"position\":2,\"name\":\"Collection of used tyres\"}]},{\"@type\":\"WebSite\",\"@id\":\"https:\/\/tfmpneus.fr\/english\/#website\",\"url\":\"https:\/\/tfmpneus.fr\/english\/\",\"name\":\"TFM Pneus - Web site\",\"description\":\"The treatment solution adapted to all tires\",\"potentialAction\":[{\"@type\":\"SearchAction\",\"target\":{\"@type\":\"EntryPoint\",\"urlTemplate\":\"https:\/\/tfmpneus.fr\/english\/?s={search_term_string}\"},\"query-input\":{\"@type\":\"PropertyValueSpecification\",\"valueRequired\":true,\"valueName\":\"search_term_string\"}}],\"inLanguage\":\"fr-FR\"}]}<\/script>\n<!-- \/ Yoast SEO plugin. -->","yoast_head_json":{"title":"Collection of used tyres, onsite, with TFM Pneus lorries","description":"The collection of used tyres is done directly by TFM Pneus, with vans or lorries equipped with tippers dedicated to tyres.","robots":{"index":"index","follow":"follow","max-snippet":"max-snippet:-1","max-image-preview":"max-image-preview:large","max-video-preview":"max-video-preview:-1"},"canonical":"https:\/\/tfmpneus.fr\/english\/collection-of-used-tyres\/","og_locale":"fr_FR","og_type":"article","og_title":"Collection of used tyres, onsite, with TFM Pneus lorries","og_description":"The collection of used tyres is done directly by TFM Pneus, with vans or lorries equipped with tippers dedicated to tyres.","og_url":"https:\/\/tfmpneus.fr\/english\/collection-of-used-tyres\/","og_site_name":"TFM Pneus - Web site","article_modified_time":"2018-12-05T10:08:16+00:00","og_image":[{"url":"https:\/\/tfmpneus.fr\/wp-content\/uploads\/2016\/10\/collecte-transport-pneus-third.jpg","type":"","width":"","height":""}],"twitter_card":"summary_large_image","twitter_misc":{"Dur\u00e9e de lecture estim\u00e9e":"1 minute"},"schema":{"@context":"https:\/\/schema.org","@graph":[{"@type":"WebPage","@id":"https:\/\/tfmpneus.fr\/english\/collection-of-used-tyres\/","url":"https:\/\/tfmpneus.fr\/english\/collection-of-used-tyres\/","name":"Collection of used tyres, onsite, with TFM Pneus lorries","isPartOf":{"@id":"https:\/\/tfmpneus.fr\/english\/#website"},"primaryImageOfPage":{"@id":"https:\/\/tfmpneus.fr\/english\/collection-of-used-tyres\/#primaryimage"},"image":{"@id":"https:\/\/tfmpneus.fr\/english\/collection-of-used-tyres\/#primaryimage"},"thumbnailUrl":"https:\/\/tfmpneus.fr\/wp-content\/uploads\/2016\/10\/collecte-transport-pneus-third.jpg","datePublished":"2016-12-19T14:01:26+00:00","dateModified":"2018-12-05T10:08:16+00:00","description":"The collection of used tyres is done directly by TFM Pneus, with vans or lorries equipped with tippers dedicated to tyres.","breadcrumb":{"@id":"https:\/\/tfmpneus.fr\/english\/collection-of-used-tyres\/#breadcrumb"},"inLanguage":"fr-FR","potentialAction":[{"@type":"ReadAction","target":["https:\/\/tfmpneus.fr\/english\/collection-of-used-tyres\/"]}]},{"@type":"ImageObject","inLanguage":"fr-FR","@id":"https:\/\/tfmpneus.fr\/english\/collection-of-used-tyres\/#primaryimage","url":"https:\/\/tfmpneus.fr\/wp-content\/uploads\/2016\/10\/collecte-transport-pneus-third.jpg","contentUrl":"https:\/\/tfmpneus.fr\/wp-content\/uploads\/2016\/10\/collecte-transport-pneus-third.jpg"},{"@type":"BreadcrumbList","@id":"https:\/\/tfmpneus.fr\/english\/collection-of-used-tyres\/#breadcrumb","itemListElement":[{"@type":"ListItem","position":1,"name":"Accueil","item":"https:\/\/tfmpneus.fr\/english\/"},{"@type":"ListItem","position":2,"name":"Collection of used tyres"}]},{"@type":"WebSite","@id":"https:\/\/tfmpneus.fr\/english\/#website","url":"https:\/\/tfmpneus.fr\/english\/","name":"TFM Pneus - Web site","description":"The treatment solution adapted to all tires","potentialAction":[{"@type":"SearchAction","target":{"@type":"EntryPoint","urlTemplate":"https:\/\/tfmpneus.fr\/english\/?s={search_term_string}"},"query-input":{"@type":"PropertyValueSpecification","valueRequired":true,"valueName":"search_term_string"}}],"inLanguage":"fr-FR"}]}},"_links":{"self":[{"href":"https:\/\/tfmpneus.fr\/english\/wp-json\/wp\/v2\/pages\/4","targetHints":{"allow":["GET"]}}],"collection":[{"href":"https:\/\/tfmpneus.fr\/english\/wp-json\/wp\/v2\/pages"}],"about":[{"href":"https:\/\/tfmpneus.fr\/english\/wp-json\/wp\/v2\/types\/page"}],"author":[{"embeddable":true,"href":"https:\/\/tfmpneus.fr\/english\/wp-json\/wp\/v2\/users\/1"}],"replies":[{"embeddable":true,"href":"https:\/\/tfmpneus.fr\/english\/wp-json\/wp\/v2\/comments?post=4"}],"version-history":[{"count":0,"href":"https:\/\/tfmpneus.fr\/english\/wp-json\/wp\/v2\/pages\/4\/revisions"}],"wp:attachment":[{"href":"https:\/\/tfmpneus.fr\/english\/wp-json\/wp\/v2\/media?parent=4"}],"curies":[{"name":"wp","href":"https:\/\/api.w.org\/{rel}","templated":true}]}}