{"id":11,"date":"2016-12-19T18:18:52","date_gmt":"2016-12-19T17:18:52","guid":{"rendered":"https:\/\/tfmpneus.fr\/espanol\/?page_id=11"},"modified":"2018-12-05T11:07:58","modified_gmt":"2018-12-05T10:07:58","slug":"recogida-de-neumaticos-usados","status":"publish","type":"page","link":"https:\/\/tfmpneus.fr\/espanol\/recogida-de-neumaticos-usados\/","title":{"rendered":"Recogida de neum\u00e1ticos usados"},"content":{"rendered":"<div class=\"one_half \"><img loading=\"lazy\" decoding=\"async\" class=\"alignnone size-full wp-image-93\" src=\"https:\/\/tfmpneus.fr\/wp-content\/uploads\/2016\/10\/collecte-transport-pneus-third.jpg\" alt=\"Recogida de neum\u00e1ticos usados\" width=\"500\" height=\"500\" \/><\/div>\n<div class=\"one_half last\">\n<h4><span class=\"dropcap1\">C<\/span>ada semana <em>TFM Pneus<\/em>\u00a0recogida neum\u00e1ticos usados \u200b\u200ben una docena de departamentos franceses.<\/h4>\n<h6>Tipos de recogida<\/h6>\n<p>Esta recolecta se realiza tanto de forma manual en furgones de 3,5 toneladas como de forma mecanizada mediante camiones gr\u00faa. Ofrecemos un servicio de alquiler a trav\u00e9s del cual ponemos a su disposici\u00f3n contenedores dedicados en el emplazamiento que nos indique.<\/p>\n<h6>Veh\u00edculos<\/h6>\n<p>La flota de\u00a0<em>TFM Pneus<\/em> se compone de m\u00e1s de una docena de camiones con remolques y furgonetas. Adem\u00e1s, nuestra flota contiene m\u00e1s de 400 contenedores, todos dedicados a la recogida de neum\u00e1ticos usados.<br \/>\n<\/div><div class=\"fix\"><\/div>\n<p>&nbsp;<\/p>\n<div class=\"one_half \">\n<h6>\u00c1reas de recogida<\/h6>\n<p><em>TFM Pneus<\/em> opera en el sureste de Francia y cuenta con una autorizaci\u00f3n gubernamental para la recogida de neum\u00e1ticos usados \u200b\u200ben las regiones de Franco Condado, Provenza-Alpes-Costa Azul y R\u00f3dano-Alpes.<\/p>\n<p>Adem\u00e1s, hemos firmado otros dos contratos de recolecci\u00f3n.<br \/>\nCon Aliapur:<br \/>\n&#8211; Sudeste en los departamentos 04\/05\/06\/83<br \/>\n&#8211; Centro en los departamentos 01\/25\/39<\/p>\n<p>Y por otra parte, un acuerdo con\u00a0Norauto:<br \/>\n&#8211; Sudeste en los departamentos 04\/05\/06\/83<br \/>\n&#8211; Centro en los departamentos 01\/25\/26\/38\/39\/42\/69\/73\/74<br \/>\n<\/div>\n<div class=\"one_half last\"><img loading=\"lazy\" decoding=\"async\" class=\"aligncenter wp-image-112 size-medium\" title=\"Mapa de Francia de recogida de neum\u00e1ticos usados\" src=\"https:\/\/tfmpneus.fr\/wp-content\/uploads\/2016\/10\/carte-de-france-tfm-pneus-300x295.png\" alt=\"Mapa de Francia con nuestras zonas de recogida de neum\u00e1ticos usados\" width=\"300\" height=\"295\" \/><\/div><div class=\"fix\"><\/div>\n<p><img loading=\"lazy\" decoding=\"async\" class=\"aligncenter wp-image-136 size-large\" src=\"https:\/\/tfmpneus.fr\/wp-content\/uploads\/2016\/10\/collecte-pneus-usages-bennes-1024x343.jpg\" alt=\"Contenedores de recogida de neum\u00e1ticos usados\" width=\"920\" height=\"308\" \/><\/p>\n<p>Por lo tanto, todos los neum\u00e1ticos recogidos en Francia se env\u00edan a nuestros dos centros de clasificaci\u00f3n y reciclaje.<\/p>\n<p style=\"text-align: center;\"><a class=\"button medium grey\" href=\"https:\/\/tfmpneus.fr\/espanol\/reciclaje-de-neumaticos-usados-clasificacion-y-control\/\" target=\"\"><span><\/span>Reciclaje<\/a>\n","protected":false},"excerpt":{"rendered":"<p>&nbsp; Por lo tanto, todos los neum\u00e1ticos recogidos en Francia se env\u00edan a nuestros dos centros de clasificaci\u00f3n y reciclaje.<\/p>\n","protected":false},"author":1,"featured_media":0,"parent":0,"menu_order":0,"comment_status":"closed","ping_status":"closed","template":"","meta":{"footnotes":""},"class_list":["post-11","page","type-page","status-publish","hentry"],"yoast_head":"<!-- This site is optimized with the Yoast SEO plugin v26.9 - https:\/\/yoast.com\/product\/yoast-seo-wordpress\/ -->\n<title>Recogida de neum\u00e1ticos usados en su place con nuestros camiones<\/title>\n<meta name=\"description\" content=\"La recogida de neum\u00e1ticos usados se realiza tanto de forma manual en furgones de 3,5 toneladas como de forma mecanizada mediante camiones gr\u00faa.\" \/>\n<meta name=\"robots\" content=\"index, follow, max-snippet:-1, max-image-preview:large, max-video-preview:-1\" \/>\n<link rel=\"canonical\" href=\"https:\/\/tfmpneus.fr\/espanol\/recogida-de-neumaticos-usados\/\" \/>\n<meta property=\"og:locale\" content=\"fr_FR\" \/>\n<meta property=\"og:type\" content=\"article\" \/>\n<meta property=\"og:title\" content=\"Recogida de neum\u00e1ticos usados en su place con nuestros camiones\" \/>\n<meta property=\"og:description\" content=\"La recogida de neum\u00e1ticos usados se realiza tanto de forma manual en furgones de 3,5 toneladas como de forma mecanizada mediante camiones gr\u00faa.\" \/>\n<meta property=\"og:url\" content=\"https:\/\/tfmpneus.fr\/espanol\/recogida-de-neumaticos-usados\/\" \/>\n<meta property=\"og:site_name\" content=\"TFM Pneus - Pagina web\" \/>\n<meta property=\"article:modified_time\" content=\"2018-12-05T10:07:58+00:00\" \/>\n<meta property=\"og:image\" content=\"https:\/\/tfmpneus.fr\/wp-content\/uploads\/2016\/10\/collecte-transport-pneus-third.jpg\" \/>\n<meta name=\"twitter:card\" content=\"summary_large_image\" \/>\n<meta name=\"twitter:label1\" content=\"Dur\u00e9e de lecture estim\u00e9e\" \/>\n\t<meta name=\"twitter:data1\" content=\"1 minute\" \/>\n<script type=\"application\/ld+json\" class=\"yoast-schema-graph\">{\"@context\":\"https:\/\/schema.org\",\"@graph\":[{\"@type\":\"WebPage\",\"@id\":\"https:\/\/tfmpneus.fr\/espanol\/recogida-de-neumaticos-usados\/\",\"url\":\"https:\/\/tfmpneus.fr\/espanol\/recogida-de-neumaticos-usados\/\",\"name\":\"Recogida de neum\u00e1ticos usados en su place con nuestros camiones\",\"isPartOf\":{\"@id\":\"https:\/\/tfmpneus.fr\/espanol\/#website\"},\"primaryImageOfPage\":{\"@id\":\"https:\/\/tfmpneus.fr\/espanol\/recogida-de-neumaticos-usados\/#primaryimage\"},\"image\":{\"@id\":\"https:\/\/tfmpneus.fr\/espanol\/recogida-de-neumaticos-usados\/#primaryimage\"},\"thumbnailUrl\":\"https:\/\/tfmpneus.fr\/wp-content\/uploads\/2016\/10\/collecte-transport-pneus-third.jpg\",\"datePublished\":\"2016-12-19T17:18:52+00:00\",\"dateModified\":\"2018-12-05T10:07:58+00:00\",\"description\":\"La recogida de neum\u00e1ticos usados se realiza tanto de forma manual en furgones de 3,5 toneladas como de forma mecanizada mediante camiones gr\u00faa.\",\"breadcrumb\":{\"@id\":\"https:\/\/tfmpneus.fr\/espanol\/recogida-de-neumaticos-usados\/#breadcrumb\"},\"inLanguage\":\"fr-FR\",\"potentialAction\":[{\"@type\":\"ReadAction\",\"target\":[\"https:\/\/tfmpneus.fr\/espanol\/recogida-de-neumaticos-usados\/\"]}]},{\"@type\":\"ImageObject\",\"inLanguage\":\"fr-FR\",\"@id\":\"https:\/\/tfmpneus.fr\/espanol\/recogida-de-neumaticos-usados\/#primaryimage\",\"url\":\"https:\/\/tfmpneus.fr\/wp-content\/uploads\/2016\/10\/collecte-transport-pneus-third.jpg\",\"contentUrl\":\"https:\/\/tfmpneus.fr\/wp-content\/uploads\/2016\/10\/collecte-transport-pneus-third.jpg\"},{\"@type\":\"BreadcrumbList\",\"@id\":\"https:\/\/tfmpneus.fr\/espanol\/recogida-de-neumaticos-usados\/#breadcrumb\",\"itemListElement\":[{\"@type\":\"ListItem\",\"position\":1,\"name\":\"Accueil\",\"item\":\"https:\/\/tfmpneus.fr\/espanol\/\"},{\"@type\":\"ListItem\",\"position\":2,\"name\":\"Recogida de neum\u00e1ticos usados\"}]},{\"@type\":\"WebSite\",\"@id\":\"https:\/\/tfmpneus.fr\/espanol\/#website\",\"url\":\"https:\/\/tfmpneus.fr\/espanol\/\",\"name\":\"TFM Pneus - Pagina web\",\"description\":\" La soluci\u00f3n de tratamiento para todos los neum\u00e1ticos\",\"potentialAction\":[{\"@type\":\"SearchAction\",\"target\":{\"@type\":\"EntryPoint\",\"urlTemplate\":\"https:\/\/tfmpneus.fr\/espanol\/?s={search_term_string}\"},\"query-input\":{\"@type\":\"PropertyValueSpecification\",\"valueRequired\":true,\"valueName\":\"search_term_string\"}}],\"inLanguage\":\"fr-FR\"}]}<\/script>\n<!-- \/ Yoast SEO plugin. -->","yoast_head_json":{"title":"Recogida de neum\u00e1ticos usados en su place con nuestros camiones","description":"La recogida de neum\u00e1ticos usados se realiza tanto de forma manual en furgones de 3,5 toneladas como de forma mecanizada mediante camiones gr\u00faa.","robots":{"index":"index","follow":"follow","max-snippet":"max-snippet:-1","max-image-preview":"max-image-preview:large","max-video-preview":"max-video-preview:-1"},"canonical":"https:\/\/tfmpneus.fr\/espanol\/recogida-de-neumaticos-usados\/","og_locale":"fr_FR","og_type":"article","og_title":"Recogida de neum\u00e1ticos usados en su place con nuestros camiones","og_description":"La recogida de neum\u00e1ticos usados se realiza tanto de forma manual en furgones de 3,5 toneladas como de forma mecanizada mediante camiones gr\u00faa.","og_url":"https:\/\/tfmpneus.fr\/espanol\/recogida-de-neumaticos-usados\/","og_site_name":"TFM Pneus - Pagina web","article_modified_time":"2018-12-05T10:07:58+00:00","og_image":[{"url":"https:\/\/tfmpneus.fr\/wp-content\/uploads\/2016\/10\/collecte-transport-pneus-third.jpg","type":"","width":"","height":""}],"twitter_card":"summary_large_image","twitter_misc":{"Dur\u00e9e de lecture estim\u00e9e":"1 minute"},"schema":{"@context":"https:\/\/schema.org","@graph":[{"@type":"WebPage","@id":"https:\/\/tfmpneus.fr\/espanol\/recogida-de-neumaticos-usados\/","url":"https:\/\/tfmpneus.fr\/espanol\/recogida-de-neumaticos-usados\/","name":"Recogida de neum\u00e1ticos usados en su place con nuestros camiones","isPartOf":{"@id":"https:\/\/tfmpneus.fr\/espanol\/#website"},"primaryImageOfPage":{"@id":"https:\/\/tfmpneus.fr\/espanol\/recogida-de-neumaticos-usados\/#primaryimage"},"image":{"@id":"https:\/\/tfmpneus.fr\/espanol\/recogida-de-neumaticos-usados\/#primaryimage"},"thumbnailUrl":"https:\/\/tfmpneus.fr\/wp-content\/uploads\/2016\/10\/collecte-transport-pneus-third.jpg","datePublished":"2016-12-19T17:18:52+00:00","dateModified":"2018-12-05T10:07:58+00:00","description":"La recogida de neum\u00e1ticos usados se realiza tanto de forma manual en furgones de 3,5 toneladas como de forma mecanizada mediante camiones gr\u00faa.","breadcrumb":{"@id":"https:\/\/tfmpneus.fr\/espanol\/recogida-de-neumaticos-usados\/#breadcrumb"},"inLanguage":"fr-FR","potentialAction":[{"@type":"ReadAction","target":["https:\/\/tfmpneus.fr\/espanol\/recogida-de-neumaticos-usados\/"]}]},{"@type":"ImageObject","inLanguage":"fr-FR","@id":"https:\/\/tfmpneus.fr\/espanol\/recogida-de-neumaticos-usados\/#primaryimage","url":"https:\/\/tfmpneus.fr\/wp-content\/uploads\/2016\/10\/collecte-transport-pneus-third.jpg","contentUrl":"https:\/\/tfmpneus.fr\/wp-content\/uploads\/2016\/10\/collecte-transport-pneus-third.jpg"},{"@type":"BreadcrumbList","@id":"https:\/\/tfmpneus.fr\/espanol\/recogida-de-neumaticos-usados\/#breadcrumb","itemListElement":[{"@type":"ListItem","position":1,"name":"Accueil","item":"https:\/\/tfmpneus.fr\/espanol\/"},{"@type":"ListItem","position":2,"name":"Recogida de neum\u00e1ticos usados"}]},{"@type":"WebSite","@id":"https:\/\/tfmpneus.fr\/espanol\/#website","url":"https:\/\/tfmpneus.fr\/espanol\/","name":"TFM Pneus - Pagina web","description":" La soluci\u00f3n de tratamiento para todos los neum\u00e1ticos","potentialAction":[{"@type":"SearchAction","target":{"@type":"EntryPoint","urlTemplate":"https:\/\/tfmpneus.fr\/espanol\/?s={search_term_string}"},"query-input":{"@type":"PropertyValueSpecification","valueRequired":true,"valueName":"search_term_string"}}],"inLanguage":"fr-FR"}]}},"_links":{"self":[{"href":"https:\/\/tfmpneus.fr\/espanol\/wp-json\/wp\/v2\/pages\/11","targetHints":{"allow":["GET"]}}],"collection":[{"href":"https:\/\/tfmpneus.fr\/espanol\/wp-json\/wp\/v2\/pages"}],"about":[{"href":"https:\/\/tfmpneus.fr\/espanol\/wp-json\/wp\/v2\/types\/page"}],"author":[{"embeddable":true,"href":"https:\/\/tfmpneus.fr\/espanol\/wp-json\/wp\/v2\/users\/1"}],"replies":[{"embeddable":true,"href":"https:\/\/tfmpneus.fr\/espanol\/wp-json\/wp\/v2\/comments?post=11"}],"version-history":[{"count":0,"href":"https:\/\/tfmpneus.fr\/espanol\/wp-json\/wp\/v2\/pages\/11\/revisions"}],"wp:attachment":[{"href":"https:\/\/tfmpneus.fr\/espanol\/wp-json\/wp\/v2\/media?parent=11"}],"curies":[{"name":"wp","href":"https:\/\/api.w.org\/{rel}","templated":true}]}}