{"id":13,"date":"2016-12-19T18:19:02","date_gmt":"2016-12-19T17:19:02","guid":{"rendered":"https:\/\/tfmpneus.fr\/espanol\/?page_id=13"},"modified":"2018-12-05T11:07:45","modified_gmt":"2018-12-05T10:07:45","slug":"venta-de-neumaticos-de-ocasion","status":"publish","type":"page","link":"https:\/\/tfmpneus.fr\/espanol\/venta-de-neumaticos-de-ocasion\/","title":{"rendered":"Venta de neum\u00e1ticos de ocasi\u00f3n"},"content":{"rendered":"<div class=\"one_half \"><img loading=\"lazy\" decoding=\"async\" class=\"aligncenter wp-image-152 size-full\" src=\"https:\/\/tfmpneus.fr\/wp-content\/uploads\/2016\/10\/vente-en-gros-et-detail-pneu-occasion-third.jpg\" alt=\"Venta de neum\u00e1ticos de ocasi\u00f3n\" width=\"500\" height=\"500\" \/><\/div>\n<div class=\"one_half last\">\n<h4>TFM Pneus se especializa en la venta de neum\u00e1ticos usados<\/h4>\n<p>De hecho, podemos dise\u00f1ar lotes de neum\u00e1ticos de ocasi\u00f3n\u00a0\u200b\u200bde acuerdo a sus necesidades: dimensiones, categor\u00eda, cantidad, etc. As\u00ed que no dude en enviarnos su <a href=\"https:\/\/tfmpneus.fr\/espanol\/contacto\/\">pedido por correo electr\u00f3nico<\/a>, prepararemos sus neum\u00e1ticos de acuerdo a sus necesidades y cargaremos la mercanc\u00eda en el contenedor fletado especialmente para usted (EXW).<\/p>\n<h6>Neum\u00e1ticos en Europa y en todo el mundo<\/h6>\n<p>Podemos poner a su disposici\u00f3n lotes de neum\u00e1ticos de ocasi\u00f3n para todos los estados miembros de la UE. Adem\u00e1s, contamos con las instalaciones necesarias para rellenar al completo los contenedores de exportaci\u00f3n (20 o 40 pies).<br \/>\nBajo demanda, y para reducir los costes de su transporte, ofrecemos la opci\u00f3n de triplicar los neum\u00e1ticos.<\/div><div class=\"fix\"><\/div>\n<h6>Lugares de destino de nuestros neum\u00e1ticos de ocasi\u00f3n<\/h6>\n<ul>\n<li>Francia, Italia, Espa\u00f1a, Portugal<\/li>\n<li>Pa\u00edses de Europa del Este (Polonia, Rumania, Rusia, Ucrania&#8230;)<\/li>\n<li>\u00c1frica del Norte y Occidental (Benin, Camer\u00fan, Congo, Costa de Marfil)<\/li>\n<li>Madagascar<\/li>\n<li>Am\u00e9rica del Sur (Paraguay, Caribe)<\/li>\n<li>Am\u00e9rica del Norte (Florida)<\/li>\n<\/ul>\n<p><img loading=\"lazy\" decoding=\"async\" class=\"aligncenter wp-image-146 size-full\" src=\"https:\/\/tfmpneus.fr\/wp-content\/uploads\/2016\/10\/carte-du-monde-tfm-pneus.png\" alt=\"Venta de neum\u00e1ticos de ocasi\u00f3n\u00a0\u200b\u200ben todo el mundo\" width=\"800\" height=\"426\" \/><\/p>\n<p>Estamos a su disposici\u00f3n en nuestros centros para que pueda visitar nuestras bodegas, comprobar las mercanc\u00edas, etc.<\/p>\n<p style=\"text-align: center;\"><a class=\"button medium grey\" href=\"https:\/\/tfmpneus.fr\/espanol\/contacto\/\" target=\"\"><span><\/span>P\u00f3ngase en contacto con nosotros<\/a>\n","protected":false},"excerpt":{"rendered":"<p>Lugares de destino de nuestros neum\u00e1ticos de ocasi\u00f3n Francia, Italia, Espa\u00f1a, Portugal Pa\u00edses de Europa del Este (Polonia, Rumania, Rusia, Ucrania&#8230;) \u00c1frica del Norte y Occidental (Benin, Camer\u00fan, Congo, Costa de Marfil) Madagascar Am\u00e9rica del Sur (Paraguay, Caribe) Am\u00e9rica del Norte (Florida) Estamos a su disposici\u00f3n en nuestros centros para que pueda visitar nuestras bodegas, &#8230;<\/p>\n","protected":false},"author":1,"featured_media":0,"parent":0,"menu_order":0,"comment_status":"closed","ping_status":"closed","template":"","meta":{"footnotes":""},"class_list":["post-13","page","type-page","status-publish","hentry"],"yoast_head":"<!-- This site is optimized with the Yoast SEO plugin v26.9 - https:\/\/yoast.com\/product\/yoast-seo-wordpress\/ -->\n<title>Venta de neum\u00e1ticos de ocasi\u00f3n en lotes, exportaci\u00f3n de contenedores<\/title>\n<meta name=\"description\" content=\"TFM Pneus se especializa en la venta de neum\u00e1ticos de ocasi\u00f3n, en lotes para los profesionales o por contenedores a la exportaci\u00f3n.\" \/>\n<meta name=\"robots\" content=\"index, follow, max-snippet:-1, max-image-preview:large, max-video-preview:-1\" \/>\n<link rel=\"canonical\" href=\"https:\/\/tfmpneus.fr\/espanol\/venta-de-neumaticos-de-ocasion\/\" \/>\n<meta property=\"og:locale\" content=\"fr_FR\" \/>\n<meta property=\"og:type\" content=\"article\" \/>\n<meta property=\"og:title\" content=\"Venta de neum\u00e1ticos de ocasi\u00f3n en lotes, exportaci\u00f3n de contenedores\" \/>\n<meta property=\"og:description\" content=\"TFM Pneus se especializa en la venta de neum\u00e1ticos de ocasi\u00f3n, en lotes para los profesionales o por contenedores a la exportaci\u00f3n.\" \/>\n<meta property=\"og:url\" content=\"https:\/\/tfmpneus.fr\/espanol\/venta-de-neumaticos-de-ocasion\/\" \/>\n<meta property=\"og:site_name\" content=\"TFM Pneus - Pagina web\" \/>\n<meta property=\"article:modified_time\" content=\"2018-12-05T10:07:45+00:00\" \/>\n<meta property=\"og:image\" content=\"https:\/\/tfmpneus.fr\/wp-content\/uploads\/2016\/10\/vente-en-gros-et-detail-pneu-occasion-third.jpg\" \/>\n<meta name=\"twitter:card\" content=\"summary_large_image\" \/>\n<meta name=\"twitter:label1\" content=\"Dur\u00e9e de lecture estim\u00e9e\" \/>\n\t<meta name=\"twitter:data1\" content=\"1 minute\" \/>\n<script type=\"application\/ld+json\" class=\"yoast-schema-graph\">{\"@context\":\"https:\/\/schema.org\",\"@graph\":[{\"@type\":\"WebPage\",\"@id\":\"https:\/\/tfmpneus.fr\/espanol\/venta-de-neumaticos-de-ocasion\/\",\"url\":\"https:\/\/tfmpneus.fr\/espanol\/venta-de-neumaticos-de-ocasion\/\",\"name\":\"Venta de neum\u00e1ticos de ocasi\u00f3n en lotes, exportaci\u00f3n de contenedores\",\"isPartOf\":{\"@id\":\"https:\/\/tfmpneus.fr\/espanol\/#website\"},\"primaryImageOfPage\":{\"@id\":\"https:\/\/tfmpneus.fr\/espanol\/venta-de-neumaticos-de-ocasion\/#primaryimage\"},\"image\":{\"@id\":\"https:\/\/tfmpneus.fr\/espanol\/venta-de-neumaticos-de-ocasion\/#primaryimage\"},\"thumbnailUrl\":\"https:\/\/tfmpneus.fr\/wp-content\/uploads\/2016\/10\/vente-en-gros-et-detail-pneu-occasion-third.jpg\",\"datePublished\":\"2016-12-19T17:19:02+00:00\",\"dateModified\":\"2018-12-05T10:07:45+00:00\",\"description\":\"TFM Pneus se especializa en la venta de neum\u00e1ticos de ocasi\u00f3n, en lotes para los profesionales o por contenedores a la exportaci\u00f3n.\",\"breadcrumb\":{\"@id\":\"https:\/\/tfmpneus.fr\/espanol\/venta-de-neumaticos-de-ocasion\/#breadcrumb\"},\"inLanguage\":\"fr-FR\",\"potentialAction\":[{\"@type\":\"ReadAction\",\"target\":[\"https:\/\/tfmpneus.fr\/espanol\/venta-de-neumaticos-de-ocasion\/\"]}]},{\"@type\":\"ImageObject\",\"inLanguage\":\"fr-FR\",\"@id\":\"https:\/\/tfmpneus.fr\/espanol\/venta-de-neumaticos-de-ocasion\/#primaryimage\",\"url\":\"https:\/\/tfmpneus.fr\/wp-content\/uploads\/2016\/10\/vente-en-gros-et-detail-pneu-occasion-third.jpg\",\"contentUrl\":\"https:\/\/tfmpneus.fr\/wp-content\/uploads\/2016\/10\/vente-en-gros-et-detail-pneu-occasion-third.jpg\"},{\"@type\":\"BreadcrumbList\",\"@id\":\"https:\/\/tfmpneus.fr\/espanol\/venta-de-neumaticos-de-ocasion\/#breadcrumb\",\"itemListElement\":[{\"@type\":\"ListItem\",\"position\":1,\"name\":\"Accueil\",\"item\":\"https:\/\/tfmpneus.fr\/espanol\/\"},{\"@type\":\"ListItem\",\"position\":2,\"name\":\"Venta de neum\u00e1ticos de ocasi\u00f3n\"}]},{\"@type\":\"WebSite\",\"@id\":\"https:\/\/tfmpneus.fr\/espanol\/#website\",\"url\":\"https:\/\/tfmpneus.fr\/espanol\/\",\"name\":\"TFM Pneus - Pagina web\",\"description\":\" La soluci\u00f3n de tratamiento para todos los neum\u00e1ticos\",\"potentialAction\":[{\"@type\":\"SearchAction\",\"target\":{\"@type\":\"EntryPoint\",\"urlTemplate\":\"https:\/\/tfmpneus.fr\/espanol\/?s={search_term_string}\"},\"query-input\":{\"@type\":\"PropertyValueSpecification\",\"valueRequired\":true,\"valueName\":\"search_term_string\"}}],\"inLanguage\":\"fr-FR\"}]}<\/script>\n<!-- \/ Yoast SEO plugin. -->","yoast_head_json":{"title":"Venta de neum\u00e1ticos de ocasi\u00f3n en lotes, exportaci\u00f3n de contenedores","description":"TFM Pneus se especializa en la venta de neum\u00e1ticos de ocasi\u00f3n, en lotes para los profesionales o por contenedores a la exportaci\u00f3n.","robots":{"index":"index","follow":"follow","max-snippet":"max-snippet:-1","max-image-preview":"max-image-preview:large","max-video-preview":"max-video-preview:-1"},"canonical":"https:\/\/tfmpneus.fr\/espanol\/venta-de-neumaticos-de-ocasion\/","og_locale":"fr_FR","og_type":"article","og_title":"Venta de neum\u00e1ticos de ocasi\u00f3n en lotes, exportaci\u00f3n de contenedores","og_description":"TFM Pneus se especializa en la venta de neum\u00e1ticos de ocasi\u00f3n, en lotes para los profesionales o por contenedores a la exportaci\u00f3n.","og_url":"https:\/\/tfmpneus.fr\/espanol\/venta-de-neumaticos-de-ocasion\/","og_site_name":"TFM Pneus - Pagina web","article_modified_time":"2018-12-05T10:07:45+00:00","og_image":[{"url":"https:\/\/tfmpneus.fr\/wp-content\/uploads\/2016\/10\/vente-en-gros-et-detail-pneu-occasion-third.jpg","type":"","width":"","height":""}],"twitter_card":"summary_large_image","twitter_misc":{"Dur\u00e9e de lecture estim\u00e9e":"1 minute"},"schema":{"@context":"https:\/\/schema.org","@graph":[{"@type":"WebPage","@id":"https:\/\/tfmpneus.fr\/espanol\/venta-de-neumaticos-de-ocasion\/","url":"https:\/\/tfmpneus.fr\/espanol\/venta-de-neumaticos-de-ocasion\/","name":"Venta de neum\u00e1ticos de ocasi\u00f3n en lotes, exportaci\u00f3n de contenedores","isPartOf":{"@id":"https:\/\/tfmpneus.fr\/espanol\/#website"},"primaryImageOfPage":{"@id":"https:\/\/tfmpneus.fr\/espanol\/venta-de-neumaticos-de-ocasion\/#primaryimage"},"image":{"@id":"https:\/\/tfmpneus.fr\/espanol\/venta-de-neumaticos-de-ocasion\/#primaryimage"},"thumbnailUrl":"https:\/\/tfmpneus.fr\/wp-content\/uploads\/2016\/10\/vente-en-gros-et-detail-pneu-occasion-third.jpg","datePublished":"2016-12-19T17:19:02+00:00","dateModified":"2018-12-05T10:07:45+00:00","description":"TFM Pneus se especializa en la venta de neum\u00e1ticos de ocasi\u00f3n, en lotes para los profesionales o por contenedores a la exportaci\u00f3n.","breadcrumb":{"@id":"https:\/\/tfmpneus.fr\/espanol\/venta-de-neumaticos-de-ocasion\/#breadcrumb"},"inLanguage":"fr-FR","potentialAction":[{"@type":"ReadAction","target":["https:\/\/tfmpneus.fr\/espanol\/venta-de-neumaticos-de-ocasion\/"]}]},{"@type":"ImageObject","inLanguage":"fr-FR","@id":"https:\/\/tfmpneus.fr\/espanol\/venta-de-neumaticos-de-ocasion\/#primaryimage","url":"https:\/\/tfmpneus.fr\/wp-content\/uploads\/2016\/10\/vente-en-gros-et-detail-pneu-occasion-third.jpg","contentUrl":"https:\/\/tfmpneus.fr\/wp-content\/uploads\/2016\/10\/vente-en-gros-et-detail-pneu-occasion-third.jpg"},{"@type":"BreadcrumbList","@id":"https:\/\/tfmpneus.fr\/espanol\/venta-de-neumaticos-de-ocasion\/#breadcrumb","itemListElement":[{"@type":"ListItem","position":1,"name":"Accueil","item":"https:\/\/tfmpneus.fr\/espanol\/"},{"@type":"ListItem","position":2,"name":"Venta de neum\u00e1ticos de ocasi\u00f3n"}]},{"@type":"WebSite","@id":"https:\/\/tfmpneus.fr\/espanol\/#website","url":"https:\/\/tfmpneus.fr\/espanol\/","name":"TFM Pneus - Pagina web","description":" La soluci\u00f3n de tratamiento para todos los neum\u00e1ticos","potentialAction":[{"@type":"SearchAction","target":{"@type":"EntryPoint","urlTemplate":"https:\/\/tfmpneus.fr\/espanol\/?s={search_term_string}"},"query-input":{"@type":"PropertyValueSpecification","valueRequired":true,"valueName":"search_term_string"}}],"inLanguage":"fr-FR"}]}},"_links":{"self":[{"href":"https:\/\/tfmpneus.fr\/espanol\/wp-json\/wp\/v2\/pages\/13","targetHints":{"allow":["GET"]}}],"collection":[{"href":"https:\/\/tfmpneus.fr\/espanol\/wp-json\/wp\/v2\/pages"}],"about":[{"href":"https:\/\/tfmpneus.fr\/espanol\/wp-json\/wp\/v2\/types\/page"}],"author":[{"embeddable":true,"href":"https:\/\/tfmpneus.fr\/espanol\/wp-json\/wp\/v2\/users\/1"}],"replies":[{"embeddable":true,"href":"https:\/\/tfmpneus.fr\/espanol\/wp-json\/wp\/v2\/comments?post=13"}],"version-history":[{"count":0,"href":"https:\/\/tfmpneus.fr\/espanol\/wp-json\/wp\/v2\/pages\/13\/revisions"}],"wp:attachment":[{"href":"https:\/\/tfmpneus.fr\/espanol\/wp-json\/wp\/v2\/media?parent=13"}],"curies":[{"name":"wp","href":"https:\/\/api.w.org\/{rel}","templated":true}]}}