{"id":9,"date":"2016-12-19T18:18:28","date_gmt":"2016-12-19T17:18:28","guid":{"rendered":"https:\/\/tfmpneus.fr\/espanol\/?page_id=9"},"modified":"2024-12-18T18:24:05","modified_gmt":"2024-12-18T17:24:05","slug":"reciclaje-de-neumaticos-usados-clasificacion-y-control","status":"publish","type":"page","link":"https:\/\/tfmpneus.fr\/espanol\/reciclaje-de-neumaticos-usados-clasificacion-y-control\/","title":{"rendered":"Reciclaje de neum\u00e1ticos usados: clasificaci\u00f3n y control"},"content":{"rendered":"<div class=\"one_half \">\n<h4><span class=\"dropcap1\"><\/span>odos los neum\u00e1ticos recogidos en Francia se env\u00edan a nuestros dos centros de clasificaci\u00f3n y reciclado.<\/h4>\n<h6><em>TFM Pneus Centro<\/em>, la sede est\u00e1 localizada en Tr\u00e9voux<\/h6>\n<p>Primera agencia de recogida, tambi\u00e9n es nuestro mayor centro de clasificaci\u00f3n y de comercio, as\u00ed como nuestra plataforma de compra\/venta para profesionales. Almacenamos y administramos neum\u00e1ticos en una superficie de aproximadamente 20 000 m\u00b2.<\/p>\n<h6><em>TFM Pneus Sur<\/em>,\u00a0con base en Valbonne<\/h6>\n<p>Adem\u00e1s de recogida, Valbonne\u00a0es tambi\u00e9n un centro de reciclaje y negocio.\u00a0 Contamos con una superficie de 2\u00a0000 m\u00b2. Pr\u00f3ximamente, <em>TFM\u00a0Pneus<\/em>\u00a0va a abrir\u00a0una nueva sucursal en Brignoles y por lo tanto dispondr\u00e1 de una nueva superficie con\u00a010\u00a0000 m\u00b2 de espacio de almacenamiento.<\/p>\n<\/div>\n<div class=\"one_half last\"><img loading=\"lazy\" decoding=\"async\" class=\"aligncenter size-medium wp-image-95\" src=\"https:\/\/tfmpneus.fr\/wp-content\/uploads\/2016\/10\/stockage-pneus-occasion-third-300x300.jpg\" alt=\"Reciclaje de neum\u00e1ticos usados: clasificaci\u00f3n y control\" width=\"300\" height=\"300\" \/><\/div><div class=\"fix\"><\/div>\n<h4>Declaraci\u00f3n de calidad de\u00a0<em>TFM Pneus<\/em><\/h4>\n<p>A lo largo de los a\u00f1os, <em>TFM Pneus<\/em> ha desarrollado una declaraci\u00f3n de calidad que le garantiza un servicio de control en los neum\u00e1ticos, as\u00ed como una calidad profesional de alta gama para sus neum\u00e1ticos usados y un control cuidadoso de los pedidos y entregas.<\/p>\n<p>Del mismo modo, para la recogida de neum\u00e1ticos usados, <em>TFM Pneus<\/em> ha obtenido la certificaci\u00f3n de organismos reconocidos, como\u00a0<em>Aliapur<\/em>, <em>SGS<\/em> o <em>Valorpneu<\/em>.<\/p>\n<table style=\"width:100%\">\n<tr>\n<th><a href=\"https:\/\/www.aliapur.fr\/\" target=\"certif\"><img loading=\"lazy\" decoding=\"async\" class=\"alignnone wp-image-316 size-medium\" src=\"https:\/\/tfmpneus.fr\/wp-content\/uploads\/2024\/12\/ALIAPUR-Logo-fond-blanc-base-line-300x114.png\" alt=\"\" width=\"300\" height=\"114\" \/><\/a><\/th>\n<th><a href=\"https:\/\/www.sgs.com\/fr\/-\/media\/sgscorp\/documents\/corporate\/case-studies\/sgsssccase-study-aliapura4fr1402web.cdn.en.pdf\" target=\"certif\"><img loading=\"lazy\" decoding=\"async\" class=\"aligncenter wp-image-125 size-full\" src=\"https:\/\/tfmpneus.fr\/wp-content\/uploads\/2016\/10\/certification-sgs-logo.jpg\" alt=\"Certification SGS, pneus usag\u00e9s\" width=\"150\" height=\"150\" \/><\/a><\/th>\n<th><a href=\"http:\/\/www.sgsgroup.fr\/fr-fr\/Local\/France\/News-and-Press-Releases\/2014\/06\/Aliapur.aspx\" target=\"certif\"><img loading=\"lazy\" decoding=\"async\" class=\"aligncenter wp-image-126 size-full\" src=\"https:\/\/tfmpneus.fr\/wp-content\/uploads\/2016\/10\/certification-valorpneu-logo.jpg\" alt=\"Certification Valorpneu, pneus usag\u00e9s\" width=\"175\" height=\"175\" \/><\/a><\/th>\n<\/tr>\n<\/table>\n<div class=\"one_half \">\n<h6>Control<\/h6>\n<p>Contamos con una decena de m\u00e1quinas para testar neum\u00e1ticos. Los neum\u00e1ticos usados \u200b\u200bde\u00a0gama alta se prueban sistem\u00e1ticamente, mientras que los neum\u00e1ticos de gama intermedia se ponen a prueba bajo petici\u00f3n.<\/p>\n<p>Se verifica y controla todo: el desgaste de las bandas de rodadura, el estado de los flancos (detecci\u00f3n de posibles hernias), lesiones o deformaciones del neum\u00e1tico, pinchazos, etc.<\/p>\n<h6>Gamas de neum\u00e1ticos<\/h6>\n<p>Los neum\u00e1ticos usados \u200b\u200bse clasifican seg\u00fan su tama\u00f1o y calidad:<br \/>\n&#8211; Gama alta<br \/>\n&#8211; Intermedia<br \/>\n&#8211; Gama baja<br \/>\nPor otro lado, tambi\u00e9n llevamos a cabo la clasificaci\u00f3n de las carcasas de neum\u00e1ticos que manejamos para el recauchutado.<br \/>\nFinalmente, los neum\u00e1ticos fuera de uso de forma permanente se env\u00edan para su tratamiento y reciclaje en los emplazamientos autorizados. Los neum\u00e1ticos restantes se ponen a la venta.<\/div>\n<div class=\"one_half last\"><img decoding=\"async\" class=\"aligncenter wp-image-138 size-large\" src=\"https:\/\/tfmpneus.fr\/wp-content\/uploads\/2016\/10\/stockage-pneus-occasion-768x1024.jpg\" alt=\"Almacenamiento de neum\u00e1ticos usados \u200b\u200bpara su reciclaje\" width=\"500\" \/><\/div><div class=\"fix\"><\/div>\n<p>&nbsp;<\/p>\n<p style=\"text-align: center;\"><a class=\"button large grey\" href=\"https:\/\/tfmpneus.fr\/espanol\/venta-de-neumaticos-de-ocasion\/\" target=\"\"><span><\/span>Venta<\/a>\n","protected":false},"excerpt":{"rendered":"<p>Declaraci\u00f3n de calidad de\u00a0TFM Pneus A lo largo de los a\u00f1os, TFM Pneus ha desarrollado una declaraci\u00f3n de calidad que le garantiza un servicio de control en los neum\u00e1ticos, as\u00ed como una calidad profesional de alta gama para sus neum\u00e1ticos usados y un control cuidadoso de los pedidos y entregas. Del mismo modo, para la &#8230;<\/p>\n","protected":false},"author":5,"featured_media":0,"parent":0,"menu_order":0,"comment_status":"closed","ping_status":"closed","template":"","meta":{"footnotes":""},"class_list":["post-9","page","type-page","status-publish","hentry"],"yoast_head":"<!-- This site is optimized with the Yoast SEO plugin v26.9 - https:\/\/yoast.com\/product\/yoast-seo-wordpress\/ -->\n<title>El reciclaje de neum\u00e1ticos usados consiste en controlar y clasificarlos<\/title>\n<meta name=\"description\" content=\"Todos los neum\u00e1ticos usados por TFM Pneus son clasificados, entonces controlados para la venta. Los m\u00e1s da\u00f1ados son reciclados.\" \/>\n<meta name=\"robots\" content=\"index, follow, max-snippet:-1, max-image-preview:large, max-video-preview:-1\" \/>\n<link rel=\"canonical\" href=\"https:\/\/tfmpneus.fr\/espanol\/reciclaje-de-neumaticos-usados-clasificacion-y-control\/\" \/>\n<meta property=\"og:locale\" content=\"fr_FR\" \/>\n<meta property=\"og:type\" content=\"article\" \/>\n<meta property=\"og:title\" content=\"El reciclaje de neum\u00e1ticos usados consiste en controlar y clasificarlos\" \/>\n<meta property=\"og:description\" content=\"Todos los neum\u00e1ticos usados por TFM Pneus son clasificados, entonces controlados para la venta. Los m\u00e1s da\u00f1ados son reciclados.\" \/>\n<meta property=\"og:url\" content=\"https:\/\/tfmpneus.fr\/espanol\/reciclaje-de-neumaticos-usados-clasificacion-y-control\/\" \/>\n<meta property=\"og:site_name\" content=\"TFM Pneus - Pagina web\" \/>\n<meta property=\"article:modified_time\" content=\"2024-12-18T17:24:05+00:00\" \/>\n<meta name=\"twitter:card\" content=\"summary_large_image\" \/>\n<meta name=\"twitter:label1\" content=\"Dur\u00e9e de lecture estim\u00e9e\" \/>\n\t<meta name=\"twitter:data1\" content=\"3 minutes\" \/>\n<script type=\"application\/ld+json\" class=\"yoast-schema-graph\">{\"@context\":\"https:\/\/schema.org\",\"@graph\":[{\"@type\":\"WebPage\",\"@id\":\"https:\/\/tfmpneus.fr\/espanol\/reciclaje-de-neumaticos-usados-clasificacion-y-control\/\",\"url\":\"https:\/\/tfmpneus.fr\/espanol\/reciclaje-de-neumaticos-usados-clasificacion-y-control\/\",\"name\":\"El reciclaje de neum\u00e1ticos usados consiste en controlar y clasificarlos\",\"isPartOf\":{\"@id\":\"https:\/\/tfmpneus.fr\/espanol\/#website\"},\"primaryImageOfPage\":{\"@id\":\"https:\/\/tfmpneus.fr\/espanol\/reciclaje-de-neumaticos-usados-clasificacion-y-control\/#primaryimage\"},\"image\":{\"@id\":\"https:\/\/tfmpneus.fr\/espanol\/reciclaje-de-neumaticos-usados-clasificacion-y-control\/#primaryimage\"},\"thumbnailUrl\":\"https:\/\/tfmpneus.fr\/wp-content\/uploads\/2016\/10\/stockage-pneus-occasion-third-300x300.jpg\",\"datePublished\":\"2016-12-19T17:18:28+00:00\",\"dateModified\":\"2024-12-18T17:24:05+00:00\",\"description\":\"Todos los neum\u00e1ticos usados por TFM Pneus son clasificados, entonces controlados para la venta. Los m\u00e1s da\u00f1ados son reciclados.\",\"breadcrumb\":{\"@id\":\"https:\/\/tfmpneus.fr\/espanol\/reciclaje-de-neumaticos-usados-clasificacion-y-control\/#breadcrumb\"},\"inLanguage\":\"fr-FR\",\"potentialAction\":[{\"@type\":\"ReadAction\",\"target\":[\"https:\/\/tfmpneus.fr\/espanol\/reciclaje-de-neumaticos-usados-clasificacion-y-control\/\"]}]},{\"@type\":\"ImageObject\",\"inLanguage\":\"fr-FR\",\"@id\":\"https:\/\/tfmpneus.fr\/espanol\/reciclaje-de-neumaticos-usados-clasificacion-y-control\/#primaryimage\",\"url\":\"https:\/\/tfmpneus.fr\/wp-content\/uploads\/2016\/10\/stockage-pneus-occasion-third-300x300.jpg\",\"contentUrl\":\"https:\/\/tfmpneus.fr\/wp-content\/uploads\/2016\/10\/stockage-pneus-occasion-third-300x300.jpg\"},{\"@type\":\"BreadcrumbList\",\"@id\":\"https:\/\/tfmpneus.fr\/espanol\/reciclaje-de-neumaticos-usados-clasificacion-y-control\/#breadcrumb\",\"itemListElement\":[{\"@type\":\"ListItem\",\"position\":1,\"name\":\"Accueil\",\"item\":\"https:\/\/tfmpneus.fr\/espanol\/\"},{\"@type\":\"ListItem\",\"position\":2,\"name\":\"Reciclaje de neum\u00e1ticos usados: clasificaci\u00f3n y control\"}]},{\"@type\":\"WebSite\",\"@id\":\"https:\/\/tfmpneus.fr\/espanol\/#website\",\"url\":\"https:\/\/tfmpneus.fr\/espanol\/\",\"name\":\"TFM Pneus - Pagina web\",\"description\":\" La soluci\u00f3n de tratamiento para todos los neum\u00e1ticos\",\"potentialAction\":[{\"@type\":\"SearchAction\",\"target\":{\"@type\":\"EntryPoint\",\"urlTemplate\":\"https:\/\/tfmpneus.fr\/espanol\/?s={search_term_string}\"},\"query-input\":{\"@type\":\"PropertyValueSpecification\",\"valueRequired\":true,\"valueName\":\"search_term_string\"}}],\"inLanguage\":\"fr-FR\"}]}<\/script>\n<!-- \/ Yoast SEO plugin. -->","yoast_head_json":{"title":"El reciclaje de neum\u00e1ticos usados consiste en controlar y clasificarlos","description":"Todos los neum\u00e1ticos usados por TFM Pneus son clasificados, entonces controlados para la venta. Los m\u00e1s da\u00f1ados son reciclados.","robots":{"index":"index","follow":"follow","max-snippet":"max-snippet:-1","max-image-preview":"max-image-preview:large","max-video-preview":"max-video-preview:-1"},"canonical":"https:\/\/tfmpneus.fr\/espanol\/reciclaje-de-neumaticos-usados-clasificacion-y-control\/","og_locale":"fr_FR","og_type":"article","og_title":"El reciclaje de neum\u00e1ticos usados consiste en controlar y clasificarlos","og_description":"Todos los neum\u00e1ticos usados por TFM Pneus son clasificados, entonces controlados para la venta. Los m\u00e1s da\u00f1ados son reciclados.","og_url":"https:\/\/tfmpneus.fr\/espanol\/reciclaje-de-neumaticos-usados-clasificacion-y-control\/","og_site_name":"TFM Pneus - Pagina web","article_modified_time":"2024-12-18T17:24:05+00:00","twitter_card":"summary_large_image","twitter_misc":{"Dur\u00e9e de lecture estim\u00e9e":"3 minutes"},"schema":{"@context":"https:\/\/schema.org","@graph":[{"@type":"WebPage","@id":"https:\/\/tfmpneus.fr\/espanol\/reciclaje-de-neumaticos-usados-clasificacion-y-control\/","url":"https:\/\/tfmpneus.fr\/espanol\/reciclaje-de-neumaticos-usados-clasificacion-y-control\/","name":"El reciclaje de neum\u00e1ticos usados consiste en controlar y clasificarlos","isPartOf":{"@id":"https:\/\/tfmpneus.fr\/espanol\/#website"},"primaryImageOfPage":{"@id":"https:\/\/tfmpneus.fr\/espanol\/reciclaje-de-neumaticos-usados-clasificacion-y-control\/#primaryimage"},"image":{"@id":"https:\/\/tfmpneus.fr\/espanol\/reciclaje-de-neumaticos-usados-clasificacion-y-control\/#primaryimage"},"thumbnailUrl":"https:\/\/tfmpneus.fr\/wp-content\/uploads\/2016\/10\/stockage-pneus-occasion-third-300x300.jpg","datePublished":"2016-12-19T17:18:28+00:00","dateModified":"2024-12-18T17:24:05+00:00","description":"Todos los neum\u00e1ticos usados por TFM Pneus son clasificados, entonces controlados para la venta. Los m\u00e1s da\u00f1ados son reciclados.","breadcrumb":{"@id":"https:\/\/tfmpneus.fr\/espanol\/reciclaje-de-neumaticos-usados-clasificacion-y-control\/#breadcrumb"},"inLanguage":"fr-FR","potentialAction":[{"@type":"ReadAction","target":["https:\/\/tfmpneus.fr\/espanol\/reciclaje-de-neumaticos-usados-clasificacion-y-control\/"]}]},{"@type":"ImageObject","inLanguage":"fr-FR","@id":"https:\/\/tfmpneus.fr\/espanol\/reciclaje-de-neumaticos-usados-clasificacion-y-control\/#primaryimage","url":"https:\/\/tfmpneus.fr\/wp-content\/uploads\/2016\/10\/stockage-pneus-occasion-third-300x300.jpg","contentUrl":"https:\/\/tfmpneus.fr\/wp-content\/uploads\/2016\/10\/stockage-pneus-occasion-third-300x300.jpg"},{"@type":"BreadcrumbList","@id":"https:\/\/tfmpneus.fr\/espanol\/reciclaje-de-neumaticos-usados-clasificacion-y-control\/#breadcrumb","itemListElement":[{"@type":"ListItem","position":1,"name":"Accueil","item":"https:\/\/tfmpneus.fr\/espanol\/"},{"@type":"ListItem","position":2,"name":"Reciclaje de neum\u00e1ticos usados: clasificaci\u00f3n y control"}]},{"@type":"WebSite","@id":"https:\/\/tfmpneus.fr\/espanol\/#website","url":"https:\/\/tfmpneus.fr\/espanol\/","name":"TFM Pneus - Pagina web","description":" La soluci\u00f3n de tratamiento para todos los neum\u00e1ticos","potentialAction":[{"@type":"SearchAction","target":{"@type":"EntryPoint","urlTemplate":"https:\/\/tfmpneus.fr\/espanol\/?s={search_term_string}"},"query-input":{"@type":"PropertyValueSpecification","valueRequired":true,"valueName":"search_term_string"}}],"inLanguage":"fr-FR"}]}},"_links":{"self":[{"href":"https:\/\/tfmpneus.fr\/espanol\/wp-json\/wp\/v2\/pages\/9","targetHints":{"allow":["GET"]}}],"collection":[{"href":"https:\/\/tfmpneus.fr\/espanol\/wp-json\/wp\/v2\/pages"}],"about":[{"href":"https:\/\/tfmpneus.fr\/espanol\/wp-json\/wp\/v2\/types\/page"}],"author":[{"embeddable":true,"href":"https:\/\/tfmpneus.fr\/espanol\/wp-json\/wp\/v2\/users\/5"}],"replies":[{"embeddable":true,"href":"https:\/\/tfmpneus.fr\/espanol\/wp-json\/wp\/v2\/comments?post=9"}],"version-history":[{"count":0,"href":"https:\/\/tfmpneus.fr\/espanol\/wp-json\/wp\/v2\/pages\/9\/revisions"}],"wp:attachment":[{"href":"https:\/\/tfmpneus.fr\/espanol\/wp-json\/wp\/v2\/media?parent=9"}],"curies":[{"name":"wp","href":"https:\/\/api.w.org\/{rel}","templated":true}]}}